{"id":3859,"date":"2020-11-13T15:56:59","date_gmt":"2020-11-13T14:56:59","guid":{"rendered":"https:\/\/chocolateriehenri4.com\/?post_type=product&#038;p=3859"},"modified":"2021-02-13T07:32:22","modified_gmt":"2021-02-13T06:32:22","slug":"card-message","status":"publish","type":"product","link":"https:\/\/chocolateriehenri4.com\/index.php\/product\/card-message\/","title":{"rendered":"Carte message"},"content":{"rendered":"<p>Mod\u00e8les de cartes sont disponibles:<\/p>\n<ul>\n<li>Joyeux anniversaire<\/li>\n<li>F\u00e9licitations<\/li>\n<li>Merci<\/li>\n<li>Prompt r\u00e9tablissement<\/li>\n<li>Plaisir d&rsquo;offrir<\/li>\n<\/ul>\n<p>&nbsp;<\/p>\n<p>&nbsp;<\/p>\n","protected":false},"excerpt":{"rendered":"<p>Envie d&rsquo;envoyer un message personnalis\u00e9 avec votre pr\u00e9sent?<\/p>\n<p>Plusieurs mod\u00e8les de cartes sont disponibles:<\/p>\n<ul>\n<li>Joyeux anniversaire<\/li>\n<li>F\u00e9licitations<\/li>\n<li>Merci<\/li>\n<li>Prompt r\u00e9tablissement<\/li>\n<li>Plaisir d&rsquo;offrir<\/li>\n<\/ul>\n<p>&nbsp;<\/p>\n<p>&nbsp;<\/p>\n","protected":false},"featured_media":3858,"template":"","meta":[],"product_brand":[],"product_cat":[119],"product_tag":[],"class_list":{"0":"post-3859","1":"product","2":"type-product","3":"status-publish","4":"has-post-thumbnail","6":"product_cat-carte","8":"first","9":"instock","10":"shipping-taxable","11":"purchasable","12":"product-type-variable"},"yoast_head":"<!-- This site is optimized with the Yoast SEO plugin v27.1.1 - https:\/\/yoast.com\/product\/yoast-seo-wordpress\/ -->\n<title>Carte message - Chocolaterie Henri IV<\/title>\n<meta name=\"robots\" content=\"index, follow, max-snippet:-1, max-image-preview:large, max-video-preview:-1\" \/>\n<link rel=\"canonical\" href=\"https:\/\/chocolateriehenri4.com\/index.php\/product\/card-message\/\" \/>\n<meta property=\"og:locale\" content=\"fr_FR\" \/>\n<meta property=\"og:type\" content=\"article\" \/>\n<meta property=\"og:title\" content=\"Carte message - Chocolaterie Henri IV\" \/>\n<meta property=\"og:description\" content=\"Envie d&#039;envoyer un message personnalis\u00e9 avec votre pr\u00e9sent?  Plusieurs mod\u00e8les de cartes sont disponibles:   Joyeux anniversaire  F\u00e9licitations  Merci  Prompt r\u00e9tablissement  Plaisir d&#039;offrir  &nbsp;  &nbsp;\" \/>\n<meta property=\"og:url\" content=\"https:\/\/chocolateriehenri4.com\/index.php\/product\/card-message\/\" \/>\n<meta property=\"og:site_name\" content=\"Chocolaterie Henri IV\" \/>\n<meta property=\"article:publisher\" content=\"https:\/\/www.facebook.com\/chocolateriehenri4\" \/>\n<meta property=\"article:modified_time\" content=\"2021-02-13T06:32:22+00:00\" \/>\n<meta property=\"og:image\" content=\"https:\/\/chocolateriehenri4.com\/wp-content\/uploads\/2021\/01\/Cartes-chocolaterie-1-1.jpg\" \/>\n\t<meta property=\"og:image:width\" content=\"1024\" \/>\n\t<meta property=\"og:image:height\" content=\"744\" \/>\n\t<meta property=\"og:image:type\" content=\"image\/jpeg\" \/>\n<meta name=\"twitter:card\" content=\"summary_large_image\" \/>\n<meta name=\"twitter:label1\" content=\"Dur\u00e9e de lecture estim\u00e9e\" \/>\n\t<meta name=\"twitter:data1\" content=\"1 minute\" \/>\n<script type=\"application\/ld+json\" class=\"yoast-schema-graph\">{\"@context\":\"https:\/\/schema.org\",\"@graph\":[{\"@type\":\"WebPage\",\"@id\":\"https:\/\/chocolateriehenri4.com\/index.php\/product\/card-message\/\",\"url\":\"https:\/\/chocolateriehenri4.com\/index.php\/product\/card-message\/\",\"name\":\"Carte message - Chocolaterie Henri IV\",\"isPartOf\":{\"@id\":\"https:\/\/chocolateriehenri4.com\/#website\"},\"primaryImageOfPage\":{\"@id\":\"https:\/\/chocolateriehenri4.com\/index.php\/product\/card-message\/#primaryimage\"},\"image\":{\"@id\":\"https:\/\/chocolateriehenri4.com\/index.php\/product\/card-message\/#primaryimage\"},\"thumbnailUrl\":\"https:\/\/chocolateriehenri4.com\/wp-content\/uploads\/2021\/01\/Cartes-chocolaterie-1-1.jpg\",\"datePublished\":\"2020-11-13T14:56:59+00:00\",\"dateModified\":\"2021-02-13T06:32:22+00:00\",\"breadcrumb\":{\"@id\":\"https:\/\/chocolateriehenri4.com\/index.php\/product\/card-message\/#breadcrumb\"},\"inLanguage\":\"fr-FR\",\"potentialAction\":[{\"@type\":\"ReadAction\",\"target\":[\"https:\/\/chocolateriehenri4.com\/index.php\/product\/card-message\/\"]}]},{\"@type\":\"ImageObject\",\"inLanguage\":\"fr-FR\",\"@id\":\"https:\/\/chocolateriehenri4.com\/index.php\/product\/card-message\/#primaryimage\",\"url\":\"https:\/\/chocolateriehenri4.com\/wp-content\/uploads\/2021\/01\/Cartes-chocolaterie-1-1.jpg\",\"contentUrl\":\"https:\/\/chocolateriehenri4.com\/wp-content\/uploads\/2021\/01\/Cartes-chocolaterie-1-1.jpg\",\"width\":1024,\"height\":744},{\"@type\":\"BreadcrumbList\",\"@id\":\"https:\/\/chocolateriehenri4.com\/index.php\/product\/card-message\/#breadcrumb\",\"itemListElement\":[{\"@type\":\"ListItem\",\"position\":1,\"name\":\"Accueil\",\"item\":\"https:\/\/chocolateriehenri4.com\/\"},{\"@type\":\"ListItem\",\"position\":2,\"name\":\"BOUTIQUE EN LIGNE\",\"item\":\"https:\/\/chocolateriehenri4.com\/index.php\/la-boutique\/\"},{\"@type\":\"ListItem\",\"position\":3,\"name\":\"Carte message\"}]},{\"@type\":\"WebSite\",\"@id\":\"https:\/\/chocolateriehenri4.com\/#website\",\"url\":\"https:\/\/chocolateriehenri4.com\/\",\"name\":\"Chocolaterie Henri IV\",\"description\":\"La passion au service de votre gourmandise\",\"publisher\":{\"@id\":\"https:\/\/chocolateriehenri4.com\/#organization\"},\"potentialAction\":[{\"@type\":\"SearchAction\",\"target\":{\"@type\":\"EntryPoint\",\"urlTemplate\":\"https:\/\/chocolateriehenri4.com\/?s={search_term_string}\"},\"query-input\":{\"@type\":\"PropertyValueSpecification\",\"valueRequired\":true,\"valueName\":\"search_term_string\"}}],\"inLanguage\":\"fr-FR\"},{\"@type\":\"Organization\",\"@id\":\"https:\/\/chocolateriehenri4.com\/#organization\",\"name\":\"Chocolaterie Henri IV\",\"url\":\"https:\/\/chocolateriehenri4.com\/\",\"logo\":{\"@type\":\"ImageObject\",\"inLanguage\":\"fr-FR\",\"@id\":\"https:\/\/chocolateriehenri4.com\/#\/schema\/logo\/image\/\",\"url\":\"https:\/\/chocolateriehenri4.com\/wp-content\/uploads\/2021\/01\/Henri-IV-fonddore-1.jpg\",\"contentUrl\":\"https:\/\/chocolateriehenri4.com\/wp-content\/uploads\/2021\/01\/Henri-IV-fonddore-1.jpg\",\"width\":850,\"height\":850,\"caption\":\"Chocolaterie Henri IV\"},\"image\":{\"@id\":\"https:\/\/chocolateriehenri4.com\/#\/schema\/logo\/image\/\"},\"sameAs\":[\"https:\/\/www.facebook.com\/chocolateriehenri4\",\"https:\/\/www.instagram.com\/chocolaterie_henri4\/\"]}]}<\/script>\n<!-- \/ Yoast SEO plugin. -->","yoast_head_json":{"title":"Carte message - Chocolaterie Henri IV","robots":{"index":"index","follow":"follow","max-snippet":"max-snippet:-1","max-image-preview":"max-image-preview:large","max-video-preview":"max-video-preview:-1"},"canonical":"https:\/\/chocolateriehenri4.com\/index.php\/product\/card-message\/","og_locale":"fr_FR","og_type":"article","og_title":"Carte message - Chocolaterie Henri IV","og_description":"Envie d'envoyer un message personnalis\u00e9 avec votre pr\u00e9sent?  Plusieurs mod\u00e8les de cartes sont disponibles:   Joyeux anniversaire  F\u00e9licitations  Merci  Prompt r\u00e9tablissement  Plaisir d'offrir  &nbsp;  &nbsp;","og_url":"https:\/\/chocolateriehenri4.com\/index.php\/product\/card-message\/","og_site_name":"Chocolaterie Henri IV","article_publisher":"https:\/\/www.facebook.com\/chocolateriehenri4","article_modified_time":"2021-02-13T06:32:22+00:00","og_image":[{"width":1024,"height":744,"url":"https:\/\/chocolateriehenri4.com\/wp-content\/uploads\/2021\/01\/Cartes-chocolaterie-1-1.jpg","type":"image\/jpeg"}],"twitter_card":"summary_large_image","twitter_misc":{"Dur\u00e9e de lecture estim\u00e9e":"1 minute"},"schema":{"@context":"https:\/\/schema.org","@graph":[{"@type":"WebPage","@id":"https:\/\/chocolateriehenri4.com\/index.php\/product\/card-message\/","url":"https:\/\/chocolateriehenri4.com\/index.php\/product\/card-message\/","name":"Carte message - Chocolaterie Henri IV","isPartOf":{"@id":"https:\/\/chocolateriehenri4.com\/#website"},"primaryImageOfPage":{"@id":"https:\/\/chocolateriehenri4.com\/index.php\/product\/card-message\/#primaryimage"},"image":{"@id":"https:\/\/chocolateriehenri4.com\/index.php\/product\/card-message\/#primaryimage"},"thumbnailUrl":"https:\/\/chocolateriehenri4.com\/wp-content\/uploads\/2021\/01\/Cartes-chocolaterie-1-1.jpg","datePublished":"2020-11-13T14:56:59+00:00","dateModified":"2021-02-13T06:32:22+00:00","breadcrumb":{"@id":"https:\/\/chocolateriehenri4.com\/index.php\/product\/card-message\/#breadcrumb"},"inLanguage":"fr-FR","potentialAction":[{"@type":"ReadAction","target":["https:\/\/chocolateriehenri4.com\/index.php\/product\/card-message\/"]}]},{"@type":"ImageObject","inLanguage":"fr-FR","@id":"https:\/\/chocolateriehenri4.com\/index.php\/product\/card-message\/#primaryimage","url":"https:\/\/chocolateriehenri4.com\/wp-content\/uploads\/2021\/01\/Cartes-chocolaterie-1-1.jpg","contentUrl":"https:\/\/chocolateriehenri4.com\/wp-content\/uploads\/2021\/01\/Cartes-chocolaterie-1-1.jpg","width":1024,"height":744},{"@type":"BreadcrumbList","@id":"https:\/\/chocolateriehenri4.com\/index.php\/product\/card-message\/#breadcrumb","itemListElement":[{"@type":"ListItem","position":1,"name":"Accueil","item":"https:\/\/chocolateriehenri4.com\/"},{"@type":"ListItem","position":2,"name":"BOUTIQUE EN LIGNE","item":"https:\/\/chocolateriehenri4.com\/index.php\/la-boutique\/"},{"@type":"ListItem","position":3,"name":"Carte message"}]},{"@type":"WebSite","@id":"https:\/\/chocolateriehenri4.com\/#website","url":"https:\/\/chocolateriehenri4.com\/","name":"Chocolaterie Henri IV","description":"La passion au service de votre gourmandise","publisher":{"@id":"https:\/\/chocolateriehenri4.com\/#organization"},"potentialAction":[{"@type":"SearchAction","target":{"@type":"EntryPoint","urlTemplate":"https:\/\/chocolateriehenri4.com\/?s={search_term_string}"},"query-input":{"@type":"PropertyValueSpecification","valueRequired":true,"valueName":"search_term_string"}}],"inLanguage":"fr-FR"},{"@type":"Organization","@id":"https:\/\/chocolateriehenri4.com\/#organization","name":"Chocolaterie Henri IV","url":"https:\/\/chocolateriehenri4.com\/","logo":{"@type":"ImageObject","inLanguage":"fr-FR","@id":"https:\/\/chocolateriehenri4.com\/#\/schema\/logo\/image\/","url":"https:\/\/chocolateriehenri4.com\/wp-content\/uploads\/2021\/01\/Henri-IV-fonddore-1.jpg","contentUrl":"https:\/\/chocolateriehenri4.com\/wp-content\/uploads\/2021\/01\/Henri-IV-fonddore-1.jpg","width":850,"height":850,"caption":"Chocolaterie Henri IV"},"image":{"@id":"https:\/\/chocolateriehenri4.com\/#\/schema\/logo\/image\/"},"sameAs":["https:\/\/www.facebook.com\/chocolateriehenri4","https:\/\/www.instagram.com\/chocolaterie_henri4\/"]}]}},"_links":{"self":[{"href":"https:\/\/chocolateriehenri4.com\/index.php\/wp-json\/wp\/v2\/product\/3859","targetHints":{"allow":["GET"]}}],"collection":[{"href":"https:\/\/chocolateriehenri4.com\/index.php\/wp-json\/wp\/v2\/product"}],"about":[{"href":"https:\/\/chocolateriehenri4.com\/index.php\/wp-json\/wp\/v2\/types\/product"}],"wp:featuredmedia":[{"embeddable":true,"href":"https:\/\/chocolateriehenri4.com\/index.php\/wp-json\/wp\/v2\/media\/3858"}],"wp:attachment":[{"href":"https:\/\/chocolateriehenri4.com\/index.php\/wp-json\/wp\/v2\/media?parent=3859"}],"wp:term":[{"taxonomy":"product_brand","embeddable":true,"href":"https:\/\/chocolateriehenri4.com\/index.php\/wp-json\/wp\/v2\/product_brand?post=3859"},{"taxonomy":"product_cat","embeddable":true,"href":"https:\/\/chocolateriehenri4.com\/index.php\/wp-json\/wp\/v2\/product_cat?post=3859"},{"taxonomy":"product_tag","embeddable":true,"href":"https:\/\/chocolateriehenri4.com\/index.php\/wp-json\/wp\/v2\/product_tag?post=3859"}],"curies":[{"name":"wp","href":"https:\/\/api.w.org\/{rel}","templated":true}]}}