{"id":3177,"date":"2021-12-27T07:28:20","date_gmt":"2021-12-27T06:28:20","guid":{"rendered":"https:\/\/chocolateriehenri4.com\/?post_type=product&#038;p=3177"},"modified":"2025-12-03T22:16:32","modified_gmt":"2025-12-03T21:16:32","slug":"ganaches-coffret","status":"publish","type":"product","link":"https:\/\/chocolateriehenri4.com\/index.php\/product\/ganaches-coffret\/","title":{"rendered":"Ganaches en coffret"},"content":{"rendered":"<p>Conseil :<br \/>\nConservez vos pralines de mani\u00e8re optimale entre 15 et 20 degr\u00e9s, \u00e0 l\u2019abri de l\u2019humidit\u00e9 et des rayons de soleil.<br \/>\nPas n\u00e9cessaire de les mettre au frigo ni au cong\u00e9lateur afin de profiter au maximum des ar\u00f4mes.<\/p>\n","protected":false},"excerpt":{"rendered":"<p>Des ganaches d&rsquo;exception r\u00e9alis\u00e9es par notre Ma\u00eetre chocolatier. Fabrication traditionnelle, 100% pur beurre de cacao.<\/p>\n<p>Cet assortiment de notre Ma\u00eetre chocolatier est disponible en:<\/p>\n<p>&#8211; Coffret Mini D\u00e9couverte de 4 pi\u00e8ces: 5 \u20ac<br \/>\n&#8211; Coffret D\u00e9couverte de 9 pi\u00e8ces: 11 \u20ac<br \/>\n&#8211; Coffret Grande D\u00e9couverte de 16 pi\u00e8ces: 19 \u20ac<br \/>\n&#8211; Coffret Passion de 25 pi\u00e8ces: 25 \u20ac<\/p>\n","protected":false},"featured_media":4251,"template":"","meta":[],"product_brand":[],"product_cat":[99],"product_tag":[],"class_list":{"0":"post-3177","1":"product","2":"type-product","3":"status-publish","4":"has-post-thumbnail","6":"product_cat-collection-prestige-les-ganaches","8":"first","9":"outofstock","10":"featured","11":"shipping-taxable","12":"product-type-simple"},"yoast_head":"<!-- This site is optimized with the Yoast SEO plugin v27.1.1 - https:\/\/yoast.com\/product\/yoast-seo-wordpress\/ -->\n<title>Ganaches en coffret - Chocolaterie Henri IV<\/title>\n<meta name=\"description\" content=\"Des ganaches d&#039;exception r\u00e9alis\u00e9es par le Ma\u00eetre chocolatier de la Chocolaterie Henri IV. Fabrication traditionnelle, 100% pur beurre de cacao.\" \/>\n<meta name=\"robots\" content=\"index, follow, max-snippet:-1, max-image-preview:large, max-video-preview:-1\" \/>\n<link rel=\"canonical\" href=\"https:\/\/chocolateriehenri4.com\/index.php\/product\/ganaches-coffret\/\" \/>\n<meta property=\"og:locale\" content=\"fr_FR\" \/>\n<meta property=\"og:type\" content=\"article\" \/>\n<meta property=\"og:title\" content=\"Ganaches en coffret - Chocolaterie Henri IV\" \/>\n<meta property=\"og:description\" content=\"Des ganaches d&#039;exception r\u00e9alis\u00e9es par le Ma\u00eetre chocolatier de la Chocolaterie Henri IV. Fabrication traditionnelle, 100% pur beurre de cacao.\" \/>\n<meta property=\"og:url\" content=\"https:\/\/chocolateriehenri4.com\/index.php\/product\/ganaches-coffret\/\" \/>\n<meta property=\"og:site_name\" content=\"Chocolaterie Henri IV\" \/>\n<meta property=\"article:publisher\" content=\"https:\/\/www.facebook.com\/chocolateriehenri4\" \/>\n<meta property=\"article:modified_time\" content=\"2025-12-03T21:16:32+00:00\" \/>\n<meta property=\"og:image\" content=\"https:\/\/chocolateriehenri4.com\/wp-content\/uploads\/2021\/12\/IMG_8286-scaled.jpg\" \/>\n\t<meta property=\"og:image:width\" content=\"1707\" \/>\n\t<meta property=\"og:image:height\" content=\"2560\" \/>\n\t<meta property=\"og:image:type\" content=\"image\/jpeg\" \/>\n<meta name=\"twitter:card\" content=\"summary_large_image\" \/>\n<meta name=\"twitter:label1\" content=\"Dur\u00e9e de lecture estim\u00e9e\" \/>\n\t<meta name=\"twitter:data1\" content=\"1 minute\" \/>\n<script type=\"application\/ld+json\" class=\"yoast-schema-graph\">{\"@context\":\"https:\/\/schema.org\",\"@graph\":[{\"@type\":\"WebPage\",\"@id\":\"https:\/\/chocolateriehenri4.com\/index.php\/product\/ganaches-coffret\/\",\"url\":\"https:\/\/chocolateriehenri4.com\/index.php\/product\/ganaches-coffret\/\",\"name\":\"Ganaches en coffret - Chocolaterie Henri IV\",\"isPartOf\":{\"@id\":\"https:\/\/chocolateriehenri4.com\/#website\"},\"primaryImageOfPage\":{\"@id\":\"https:\/\/chocolateriehenri4.com\/index.php\/product\/ganaches-coffret\/#primaryimage\"},\"image\":{\"@id\":\"https:\/\/chocolateriehenri4.com\/index.php\/product\/ganaches-coffret\/#primaryimage\"},\"thumbnailUrl\":\"https:\/\/chocolateriehenri4.com\/wp-content\/uploads\/2021\/12\/IMG_8286-scaled.jpg\",\"datePublished\":\"2021-12-27T06:28:20+00:00\",\"dateModified\":\"2025-12-03T21:16:32+00:00\",\"description\":\"Des ganaches d'exception r\u00e9alis\u00e9es par le Ma\u00eetre chocolatier de la Chocolaterie Henri IV. Fabrication traditionnelle, 100% pur beurre de cacao.\",\"breadcrumb\":{\"@id\":\"https:\/\/chocolateriehenri4.com\/index.php\/product\/ganaches-coffret\/#breadcrumb\"},\"inLanguage\":\"fr-FR\",\"potentialAction\":[{\"@type\":\"ReadAction\",\"target\":[\"https:\/\/chocolateriehenri4.com\/index.php\/product\/ganaches-coffret\/\"]}]},{\"@type\":\"ImageObject\",\"inLanguage\":\"fr-FR\",\"@id\":\"https:\/\/chocolateriehenri4.com\/index.php\/product\/ganaches-coffret\/#primaryimage\",\"url\":\"https:\/\/chocolateriehenri4.com\/wp-content\/uploads\/2021\/12\/IMG_8286-scaled.jpg\",\"contentUrl\":\"https:\/\/chocolateriehenri4.com\/wp-content\/uploads\/2021\/12\/IMG_8286-scaled.jpg\",\"width\":1707,\"height\":2560},{\"@type\":\"BreadcrumbList\",\"@id\":\"https:\/\/chocolateriehenri4.com\/index.php\/product\/ganaches-coffret\/#breadcrumb\",\"itemListElement\":[{\"@type\":\"ListItem\",\"position\":1,\"name\":\"Accueil\",\"item\":\"https:\/\/chocolateriehenri4.com\/\"},{\"@type\":\"ListItem\",\"position\":2,\"name\":\"BOUTIQUE EN LIGNE\",\"item\":\"https:\/\/chocolateriehenri4.com\/index.php\/la-boutique\/\"},{\"@type\":\"ListItem\",\"position\":3,\"name\":\"Ganaches en coffret\"}]},{\"@type\":\"WebSite\",\"@id\":\"https:\/\/chocolateriehenri4.com\/#website\",\"url\":\"https:\/\/chocolateriehenri4.com\/\",\"name\":\"Chocolaterie Henri IV\",\"description\":\"La passion au service de votre gourmandise\",\"publisher\":{\"@id\":\"https:\/\/chocolateriehenri4.com\/#organization\"},\"potentialAction\":[{\"@type\":\"SearchAction\",\"target\":{\"@type\":\"EntryPoint\",\"urlTemplate\":\"https:\/\/chocolateriehenri4.com\/?s={search_term_string}\"},\"query-input\":{\"@type\":\"PropertyValueSpecification\",\"valueRequired\":true,\"valueName\":\"search_term_string\"}}],\"inLanguage\":\"fr-FR\"},{\"@type\":\"Organization\",\"@id\":\"https:\/\/chocolateriehenri4.com\/#organization\",\"name\":\"Chocolaterie Henri IV\",\"url\":\"https:\/\/chocolateriehenri4.com\/\",\"logo\":{\"@type\":\"ImageObject\",\"inLanguage\":\"fr-FR\",\"@id\":\"https:\/\/chocolateriehenri4.com\/#\/schema\/logo\/image\/\",\"url\":\"https:\/\/chocolateriehenri4.com\/wp-content\/uploads\/2021\/01\/Henri-IV-fonddore-1.jpg\",\"contentUrl\":\"https:\/\/chocolateriehenri4.com\/wp-content\/uploads\/2021\/01\/Henri-IV-fonddore-1.jpg\",\"width\":850,\"height\":850,\"caption\":\"Chocolaterie Henri IV\"},\"image\":{\"@id\":\"https:\/\/chocolateriehenri4.com\/#\/schema\/logo\/image\/\"},\"sameAs\":[\"https:\/\/www.facebook.com\/chocolateriehenri4\",\"https:\/\/www.instagram.com\/chocolaterie_henri4\/\"]}]}<\/script>\n<!-- \/ Yoast SEO plugin. -->","yoast_head_json":{"title":"Ganaches en coffret - Chocolaterie Henri IV","description":"Des ganaches d'exception r\u00e9alis\u00e9es par le Ma\u00eetre chocolatier de la Chocolaterie Henri IV. Fabrication traditionnelle, 100% pur beurre de cacao.","robots":{"index":"index","follow":"follow","max-snippet":"max-snippet:-1","max-image-preview":"max-image-preview:large","max-video-preview":"max-video-preview:-1"},"canonical":"https:\/\/chocolateriehenri4.com\/index.php\/product\/ganaches-coffret\/","og_locale":"fr_FR","og_type":"article","og_title":"Ganaches en coffret - Chocolaterie Henri IV","og_description":"Des ganaches d'exception r\u00e9alis\u00e9es par le Ma\u00eetre chocolatier de la Chocolaterie Henri IV. Fabrication traditionnelle, 100% pur beurre de cacao.","og_url":"https:\/\/chocolateriehenri4.com\/index.php\/product\/ganaches-coffret\/","og_site_name":"Chocolaterie Henri IV","article_publisher":"https:\/\/www.facebook.com\/chocolateriehenri4","article_modified_time":"2025-12-03T21:16:32+00:00","og_image":[{"width":1707,"height":2560,"url":"https:\/\/chocolateriehenri4.com\/wp-content\/uploads\/2021\/12\/IMG_8286-scaled.jpg","type":"image\/jpeg"}],"twitter_card":"summary_large_image","twitter_misc":{"Dur\u00e9e de lecture estim\u00e9e":"1 minute"},"schema":{"@context":"https:\/\/schema.org","@graph":[{"@type":"WebPage","@id":"https:\/\/chocolateriehenri4.com\/index.php\/product\/ganaches-coffret\/","url":"https:\/\/chocolateriehenri4.com\/index.php\/product\/ganaches-coffret\/","name":"Ganaches en coffret - Chocolaterie Henri IV","isPartOf":{"@id":"https:\/\/chocolateriehenri4.com\/#website"},"primaryImageOfPage":{"@id":"https:\/\/chocolateriehenri4.com\/index.php\/product\/ganaches-coffret\/#primaryimage"},"image":{"@id":"https:\/\/chocolateriehenri4.com\/index.php\/product\/ganaches-coffret\/#primaryimage"},"thumbnailUrl":"https:\/\/chocolateriehenri4.com\/wp-content\/uploads\/2021\/12\/IMG_8286-scaled.jpg","datePublished":"2021-12-27T06:28:20+00:00","dateModified":"2025-12-03T21:16:32+00:00","description":"Des ganaches d'exception r\u00e9alis\u00e9es par le Ma\u00eetre chocolatier de la Chocolaterie Henri IV. Fabrication traditionnelle, 100% pur beurre de cacao.","breadcrumb":{"@id":"https:\/\/chocolateriehenri4.com\/index.php\/product\/ganaches-coffret\/#breadcrumb"},"inLanguage":"fr-FR","potentialAction":[{"@type":"ReadAction","target":["https:\/\/chocolateriehenri4.com\/index.php\/product\/ganaches-coffret\/"]}]},{"@type":"ImageObject","inLanguage":"fr-FR","@id":"https:\/\/chocolateriehenri4.com\/index.php\/product\/ganaches-coffret\/#primaryimage","url":"https:\/\/chocolateriehenri4.com\/wp-content\/uploads\/2021\/12\/IMG_8286-scaled.jpg","contentUrl":"https:\/\/chocolateriehenri4.com\/wp-content\/uploads\/2021\/12\/IMG_8286-scaled.jpg","width":1707,"height":2560},{"@type":"BreadcrumbList","@id":"https:\/\/chocolateriehenri4.com\/index.php\/product\/ganaches-coffret\/#breadcrumb","itemListElement":[{"@type":"ListItem","position":1,"name":"Accueil","item":"https:\/\/chocolateriehenri4.com\/"},{"@type":"ListItem","position":2,"name":"BOUTIQUE EN LIGNE","item":"https:\/\/chocolateriehenri4.com\/index.php\/la-boutique\/"},{"@type":"ListItem","position":3,"name":"Ganaches en coffret"}]},{"@type":"WebSite","@id":"https:\/\/chocolateriehenri4.com\/#website","url":"https:\/\/chocolateriehenri4.com\/","name":"Chocolaterie Henri IV","description":"La passion au service de votre gourmandise","publisher":{"@id":"https:\/\/chocolateriehenri4.com\/#organization"},"potentialAction":[{"@type":"SearchAction","target":{"@type":"EntryPoint","urlTemplate":"https:\/\/chocolateriehenri4.com\/?s={search_term_string}"},"query-input":{"@type":"PropertyValueSpecification","valueRequired":true,"valueName":"search_term_string"}}],"inLanguage":"fr-FR"},{"@type":"Organization","@id":"https:\/\/chocolateriehenri4.com\/#organization","name":"Chocolaterie Henri IV","url":"https:\/\/chocolateriehenri4.com\/","logo":{"@type":"ImageObject","inLanguage":"fr-FR","@id":"https:\/\/chocolateriehenri4.com\/#\/schema\/logo\/image\/","url":"https:\/\/chocolateriehenri4.com\/wp-content\/uploads\/2021\/01\/Henri-IV-fonddore-1.jpg","contentUrl":"https:\/\/chocolateriehenri4.com\/wp-content\/uploads\/2021\/01\/Henri-IV-fonddore-1.jpg","width":850,"height":850,"caption":"Chocolaterie Henri IV"},"image":{"@id":"https:\/\/chocolateriehenri4.com\/#\/schema\/logo\/image\/"},"sameAs":["https:\/\/www.facebook.com\/chocolateriehenri4","https:\/\/www.instagram.com\/chocolaterie_henri4\/"]}]}},"_links":{"self":[{"href":"https:\/\/chocolateriehenri4.com\/index.php\/wp-json\/wp\/v2\/product\/3177","targetHints":{"allow":["GET"]}}],"collection":[{"href":"https:\/\/chocolateriehenri4.com\/index.php\/wp-json\/wp\/v2\/product"}],"about":[{"href":"https:\/\/chocolateriehenri4.com\/index.php\/wp-json\/wp\/v2\/types\/product"}],"wp:featuredmedia":[{"embeddable":true,"href":"https:\/\/chocolateriehenri4.com\/index.php\/wp-json\/wp\/v2\/media\/4251"}],"wp:attachment":[{"href":"https:\/\/chocolateriehenri4.com\/index.php\/wp-json\/wp\/v2\/media?parent=3177"}],"wp:term":[{"taxonomy":"product_brand","embeddable":true,"href":"https:\/\/chocolateriehenri4.com\/index.php\/wp-json\/wp\/v2\/product_brand?post=3177"},{"taxonomy":"product_cat","embeddable":true,"href":"https:\/\/chocolateriehenri4.com\/index.php\/wp-json\/wp\/v2\/product_cat?post=3177"},{"taxonomy":"product_tag","embeddable":true,"href":"https:\/\/chocolateriehenri4.com\/index.php\/wp-json\/wp\/v2\/product_tag?post=3177"}],"curies":[{"name":"wp","href":"https:\/\/api.w.org\/{rel}","templated":true}]}}