{"id":3793,"date":"2021-02-07T08:15:57","date_gmt":"2021-02-07T07:15:57","guid":{"rendered":"https:\/\/chocolateriehenri4.com\/?page_id=3793"},"modified":"2021-02-07T08:15:57","modified_gmt":"2021-02-07T07:15:57","slug":"mentions-legales","status":"publish","type":"page","link":"https:\/\/chocolateriehenri4.com\/index.php\/mentions-legales\/","title":{"rendered":"Mentions l\u00e9gales"},"content":{"rendered":"<div class=\"page_content_wrap page_paddings_no\">\n<div class=\"content_wrap\">\n<div class=\"content\">\n<article class=\"itemscope post_item post_item_single post_featured_center post_format_standard post-731 page type-page status-publish hentry\">\n<section class=\"post_content\">\n<div class=\"vc_row wpb_row vc_row-fluid\">\n<div class=\"wpb_column vc_column_container vc_col-sm-12\">\n<div class=\"vc_column-inner\">\n<div class=\"wpb_wrapper\">\n<div class=\"wpb_text_column wpb_content_element \">\n<div class=\"wpb_wrapper\">\n<p style=\"text-align: center;\"><strong>Mentions l\u00e9gales<\/strong><\/p>\n<p style=\"text-align: center;\"><em>O\u00f9 nous trouver:<\/em><\/p>\n<p style=\"text-align: center;\"><em>Rue Richard Vandevelde 41, 1030 Schaerbeek<\/em><\/p>\n<p style=\"text-align: center;\"><em>Envoyez-nous un email:<\/em><\/p>\n<p style=\"text-align: center;\">info@chocolateriehenri4.com<\/p>\n<p style=\"text-align: center;\"><em>Contactez-nous par t\u00e9l\u00e9phone:<\/em><\/p>\n<p style=\"text-align: center;\">+32 2 216 23 17<\/p>\n<p style=\"text-align: center;\"><em>Num\u00e9ro de TVA:<\/em><\/p>\n<p style=\"text-align: center;\">BE 0649 565 943<\/p>\n<p style=\"text-align: center;\">All rights reserved \u2013 Chocolaterie Henri IV<\/p>\n<p style=\"text-align: center;\">Ce site a \u00e9t\u00e9 r\u00e9alis\u00e9 par <a href=\"https:\/\/bemyweb.be\/\" target=\"_blank\" rel=\"noopener noreferrer\">Be My Web\u00a0<\/a><\/p>\n<\/div>\n<\/div>\n<\/div>\n<\/div>\n<\/div>\n<\/div>\n<\/section>\n<\/article>\n<section class=\"related_wrap related_wrap_empty\"><\/section>\n<\/div>\n<\/div>\n<\/div>\n<footer class=\"footer_wrap widget_area scheme_original\">\n<div class=\"footer_wrap_inner widget_area_inner\">\n<div class=\"content_wrap\">\n<div class=\"columns_wrap\">\n<aside id=\"lovestory_widget_socials-2\" class=\"widget_number_1 widget widget_socials\">\n<div class=\"widget_inner\">\n<div class=\"logo\" style=\"text-align: center;\"><\/div>\n<\/div>\n<\/aside>\n<\/div>\n<\/div>\n<\/div>\n<\/footer>\n","protected":false},"excerpt":{"rendered":"<p>Mentions l\u00e9gales O\u00f9 nous trouver: Rue Richard Vandevelde 41, 1030 Schaerbeek Envoyez-nous un email: info@chocolateriehenri4.com Contactez-nous par t\u00e9l\u00e9phone: +32 2 [&hellip;]<\/p>\n","protected":false},"author":1,"featured_media":0,"parent":0,"menu_order":0,"comment_status":"closed","ping_status":"open","template":"","meta":{"footnotes":""},"class_list":["post-3793","page","type-page","status-publish","hentry"],"yoast_head":"<!-- This site is optimized with the Yoast SEO plugin v27.1.1 - https:\/\/yoast.com\/product\/yoast-seo-wordpress\/ -->\n<title>Mentions l\u00e9gales - Chocolaterie Henri IV<\/title>\n<meta name=\"robots\" content=\"index, follow, max-snippet:-1, max-image-preview:large, max-video-preview:-1\" \/>\n<link rel=\"canonical\" href=\"https:\/\/chocolateriehenri4.com\/index.php\/mentions-legales\/\" \/>\n<meta property=\"og:locale\" content=\"fr_FR\" \/>\n<meta property=\"og:type\" content=\"article\" \/>\n<meta property=\"og:title\" content=\"Mentions l\u00e9gales - Chocolaterie Henri IV\" \/>\n<meta property=\"og:description\" content=\"Mentions l\u00e9gales O\u00f9 nous trouver: Rue Richard Vandevelde 41, 1030 Schaerbeek Envoyez-nous un email: info@chocolateriehenri4.com Contactez-nous par t\u00e9l\u00e9phone: +32 2 [&hellip;]\" \/>\n<meta property=\"og:url\" content=\"https:\/\/chocolateriehenri4.com\/index.php\/mentions-legales\/\" \/>\n<meta property=\"og:site_name\" content=\"Chocolaterie Henri IV\" \/>\n<meta property=\"article:publisher\" content=\"https:\/\/www.facebook.com\/chocolateriehenri4\" \/>\n<meta name=\"twitter:card\" content=\"summary_large_image\" \/>\n<meta name=\"twitter:label1\" content=\"Dur\u00e9e de lecture estim\u00e9e\" \/>\n\t<meta name=\"twitter:data1\" content=\"1 minute\" \/>\n<script type=\"application\/ld+json\" class=\"yoast-schema-graph\">{\"@context\":\"https:\/\/schema.org\",\"@graph\":[{\"@type\":\"WebPage\",\"@id\":\"https:\/\/chocolateriehenri4.com\/index.php\/mentions-legales\/\",\"url\":\"https:\/\/chocolateriehenri4.com\/index.php\/mentions-legales\/\",\"name\":\"Mentions l\u00e9gales - Chocolaterie Henri IV\",\"isPartOf\":{\"@id\":\"https:\/\/chocolateriehenri4.com\/#website\"},\"datePublished\":\"2021-02-07T07:15:57+00:00\",\"breadcrumb\":{\"@id\":\"https:\/\/chocolateriehenri4.com\/index.php\/mentions-legales\/#breadcrumb\"},\"inLanguage\":\"fr-FR\",\"potentialAction\":[{\"@type\":\"ReadAction\",\"target\":[\"https:\/\/chocolateriehenri4.com\/index.php\/mentions-legales\/\"]}]},{\"@type\":\"BreadcrumbList\",\"@id\":\"https:\/\/chocolateriehenri4.com\/index.php\/mentions-legales\/#breadcrumb\",\"itemListElement\":[{\"@type\":\"ListItem\",\"position\":1,\"name\":\"Accueil\",\"item\":\"https:\/\/chocolateriehenri4.com\/\"},{\"@type\":\"ListItem\",\"position\":2,\"name\":\"Mentions l\u00e9gales\"}]},{\"@type\":\"WebSite\",\"@id\":\"https:\/\/chocolateriehenri4.com\/#website\",\"url\":\"https:\/\/chocolateriehenri4.com\/\",\"name\":\"Chocolaterie Henri IV\",\"description\":\"La passion au service de votre gourmandise\",\"publisher\":{\"@id\":\"https:\/\/chocolateriehenri4.com\/#organization\"},\"potentialAction\":[{\"@type\":\"SearchAction\",\"target\":{\"@type\":\"EntryPoint\",\"urlTemplate\":\"https:\/\/chocolateriehenri4.com\/?s={search_term_string}\"},\"query-input\":{\"@type\":\"PropertyValueSpecification\",\"valueRequired\":true,\"valueName\":\"search_term_string\"}}],\"inLanguage\":\"fr-FR\"},{\"@type\":\"Organization\",\"@id\":\"https:\/\/chocolateriehenri4.com\/#organization\",\"name\":\"Chocolaterie Henri IV\",\"url\":\"https:\/\/chocolateriehenri4.com\/\",\"logo\":{\"@type\":\"ImageObject\",\"inLanguage\":\"fr-FR\",\"@id\":\"https:\/\/chocolateriehenri4.com\/#\/schema\/logo\/image\/\",\"url\":\"https:\/\/chocolateriehenri4.com\/wp-content\/uploads\/2021\/01\/Henri-IV-fonddore-1.jpg\",\"contentUrl\":\"https:\/\/chocolateriehenri4.com\/wp-content\/uploads\/2021\/01\/Henri-IV-fonddore-1.jpg\",\"width\":850,\"height\":850,\"caption\":\"Chocolaterie Henri IV\"},\"image\":{\"@id\":\"https:\/\/chocolateriehenri4.com\/#\/schema\/logo\/image\/\"},\"sameAs\":[\"https:\/\/www.facebook.com\/chocolateriehenri4\",\"https:\/\/www.instagram.com\/chocolaterie_henri4\/\"]}]}<\/script>\n<!-- \/ Yoast SEO plugin. -->","yoast_head_json":{"title":"Mentions l\u00e9gales - Chocolaterie Henri IV","robots":{"index":"index","follow":"follow","max-snippet":"max-snippet:-1","max-image-preview":"max-image-preview:large","max-video-preview":"max-video-preview:-1"},"canonical":"https:\/\/chocolateriehenri4.com\/index.php\/mentions-legales\/","og_locale":"fr_FR","og_type":"article","og_title":"Mentions l\u00e9gales - Chocolaterie Henri IV","og_description":"Mentions l\u00e9gales O\u00f9 nous trouver: Rue Richard Vandevelde 41, 1030 Schaerbeek Envoyez-nous un email: info@chocolateriehenri4.com Contactez-nous par t\u00e9l\u00e9phone: +32 2 [&hellip;]","og_url":"https:\/\/chocolateriehenri4.com\/index.php\/mentions-legales\/","og_site_name":"Chocolaterie Henri IV","article_publisher":"https:\/\/www.facebook.com\/chocolateriehenri4","twitter_card":"summary_large_image","twitter_misc":{"Dur\u00e9e de lecture estim\u00e9e":"1 minute"},"schema":{"@context":"https:\/\/schema.org","@graph":[{"@type":"WebPage","@id":"https:\/\/chocolateriehenri4.com\/index.php\/mentions-legales\/","url":"https:\/\/chocolateriehenri4.com\/index.php\/mentions-legales\/","name":"Mentions l\u00e9gales - Chocolaterie Henri IV","isPartOf":{"@id":"https:\/\/chocolateriehenri4.com\/#website"},"datePublished":"2021-02-07T07:15:57+00:00","breadcrumb":{"@id":"https:\/\/chocolateriehenri4.com\/index.php\/mentions-legales\/#breadcrumb"},"inLanguage":"fr-FR","potentialAction":[{"@type":"ReadAction","target":["https:\/\/chocolateriehenri4.com\/index.php\/mentions-legales\/"]}]},{"@type":"BreadcrumbList","@id":"https:\/\/chocolateriehenri4.com\/index.php\/mentions-legales\/#breadcrumb","itemListElement":[{"@type":"ListItem","position":1,"name":"Accueil","item":"https:\/\/chocolateriehenri4.com\/"},{"@type":"ListItem","position":2,"name":"Mentions l\u00e9gales"}]},{"@type":"WebSite","@id":"https:\/\/chocolateriehenri4.com\/#website","url":"https:\/\/chocolateriehenri4.com\/","name":"Chocolaterie Henri IV","description":"La passion au service de votre gourmandise","publisher":{"@id":"https:\/\/chocolateriehenri4.com\/#organization"},"potentialAction":[{"@type":"SearchAction","target":{"@type":"EntryPoint","urlTemplate":"https:\/\/chocolateriehenri4.com\/?s={search_term_string}"},"query-input":{"@type":"PropertyValueSpecification","valueRequired":true,"valueName":"search_term_string"}}],"inLanguage":"fr-FR"},{"@type":"Organization","@id":"https:\/\/chocolateriehenri4.com\/#organization","name":"Chocolaterie Henri IV","url":"https:\/\/chocolateriehenri4.com\/","logo":{"@type":"ImageObject","inLanguage":"fr-FR","@id":"https:\/\/chocolateriehenri4.com\/#\/schema\/logo\/image\/","url":"https:\/\/chocolateriehenri4.com\/wp-content\/uploads\/2021\/01\/Henri-IV-fonddore-1.jpg","contentUrl":"https:\/\/chocolateriehenri4.com\/wp-content\/uploads\/2021\/01\/Henri-IV-fonddore-1.jpg","width":850,"height":850,"caption":"Chocolaterie Henri IV"},"image":{"@id":"https:\/\/chocolateriehenri4.com\/#\/schema\/logo\/image\/"},"sameAs":["https:\/\/www.facebook.com\/chocolateriehenri4","https:\/\/www.instagram.com\/chocolaterie_henri4\/"]}]}},"_links":{"self":[{"href":"https:\/\/chocolateriehenri4.com\/index.php\/wp-json\/wp\/v2\/pages\/3793","targetHints":{"allow":["GET"]}}],"collection":[{"href":"https:\/\/chocolateriehenri4.com\/index.php\/wp-json\/wp\/v2\/pages"}],"about":[{"href":"https:\/\/chocolateriehenri4.com\/index.php\/wp-json\/wp\/v2\/types\/page"}],"author":[{"embeddable":true,"href":"https:\/\/chocolateriehenri4.com\/index.php\/wp-json\/wp\/v2\/users\/1"}],"replies":[{"embeddable":true,"href":"https:\/\/chocolateriehenri4.com\/index.php\/wp-json\/wp\/v2\/comments?post=3793"}],"version-history":[{"count":1,"href":"https:\/\/chocolateriehenri4.com\/index.php\/wp-json\/wp\/v2\/pages\/3793\/revisions"}],"predecessor-version":[{"id":3794,"href":"https:\/\/chocolateriehenri4.com\/index.php\/wp-json\/wp\/v2\/pages\/3793\/revisions\/3794"}],"wp:attachment":[{"href":"https:\/\/chocolateriehenri4.com\/index.php\/wp-json\/wp\/v2\/media?parent=3793"}],"curies":[{"name":"wp","href":"https:\/\/api.w.org\/{rel}","templated":true}]}}